{"id":115,"date":"2016-12-08T02:22:09","date_gmt":"2016-12-08T00:22:09","guid":{"rendered":"http:\/\/estetikebru.com\/?page_id=115"},"modified":"2016-12-08T02:22:09","modified_gmt":"2016-12-08T00:22:09","slug":"belgeler","status":"publish","type":"page","link":"https:\/\/estetikebru.com.tr\/index.php\/belgeler\/","title":{"rendered":"Belgeler"},"content":{"rendered":"\n<p>K\u00fclt\u00fcr ve Turizm Bakanl\u0131\u011f\u0131 Telif Haklar\u0131 Genel M\u00fcd\u00fcrl\u00fc\u011f\u00fc \/ G\u00fczel Sanat Eserlerine \u0130li\u015fkin Kay\u0131t-Tescil Belgesi<\/p>\n\n\n\n<figure class=\"wp-block-image size-large\"><img loading=\"lazy\" decoding=\"async\" width=\"724\" height=\"1024\" src=\"http:\/\/estetikebru.com.tr\/wp-content\/uploads\/2022\/06\/SE_KAYIT_TESCIL-724x1024.jpg\" alt=\"\" class=\"wp-image-297\" srcset=\"https:\/\/estetikebru.com.tr\/wp-content\/uploads\/2022\/06\/SE_KAYIT_TESCIL-724x1024.jpg 724w, https:\/\/estetikebru.com.tr\/wp-content\/uploads\/2022\/06\/SE_KAYIT_TESCIL-212x300.jpg 212w, https:\/\/estetikebru.com.tr\/wp-content\/uploads\/2022\/06\/SE_KAYIT_TESCIL-768x1086.jpg 768w, https:\/\/estetikebru.com.tr\/wp-content\/uploads\/2022\/06\/SE_KAYIT_TESCIL-1087x1536.jpg 1087w, https:\/\/estetikebru.com.tr\/wp-content\/uploads\/2022\/06\/SE_KAYIT_TESCIL.jpg 1240w\" sizes=\"auto, (max-width: 724px) 100vw, 724px\" \/><\/figure>\n","protected":false},"excerpt":{"rendered":"<p>K\u00fclt\u00fcr ve Turizm Bakanl\u0131\u011f\u0131 Telif Haklar\u0131 Genel M\u00fcd\u00fcrl\u00fc\u011f\u00fc \/ G\u00fczel Sanat Eserlerine \u0130li\u015fkin Kay\u0131t-Tescil Belgesi<\/p>\n","protected":false},"author":1,"featured_media":0,"parent":0,"menu_order":0,"comment_status":"closed","ping_status":"closed","template":"","meta":{"ngg_post_thumbnail":0,"footnotes":""},"class_list":["post-115","page","type-page","status-publish","hentry"],"_links":{"self":[{"href":"https:\/\/estetikebru.com.tr\/index.php\/wp-json\/wp\/v2\/pages\/115","targetHints":{"allow":["GET"]}}],"collection":[{"href":"https:\/\/estetikebru.com.tr\/index.php\/wp-json\/wp\/v2\/pages"}],"about":[{"href":"https:\/\/estetikebru.com.tr\/index.php\/wp-json\/wp\/v2\/types\/page"}],"author":[{"embeddable":true,"href":"https:\/\/estetikebru.com.tr\/index.php\/wp-json\/wp\/v2\/users\/1"}],"replies":[{"embeddable":true,"href":"https:\/\/estetikebru.com.tr\/index.php\/wp-json\/wp\/v2\/comments?post=115"}],"version-history":[{"count":0,"href":"https:\/\/estetikebru.com.tr\/index.php\/wp-json\/wp\/v2\/pages\/115\/revisions"}],"wp:attachment":[{"href":"https:\/\/estetikebru.com.tr\/index.php\/wp-json\/wp\/v2\/media?parent=115"}],"curies":[{"name":"wp","href":"https:\/\/api.w.org\/{rel}","templated":true}]}}