{"id":302,"date":"2023-06-03T16:05:24","date_gmt":"2023-06-03T13:05:24","guid":{"rendered":"http:\/\/estetikebru.com\/?page_id=302"},"modified":"2023-12-20T15:45:49","modified_gmt":"2023-12-20T12:45:49","slug":"estetik-ebru-2","status":"publish","type":"page","link":"https:\/\/estetikebru.com.tr\/index.php\/estetik-ebru-2\/","title":{"rendered":"Estetik Ebru \u00f6yk\u00fcs\u00fc"},"content":{"rendered":"\n<p><strong>Saadet Erciyas<\/strong><\/p>\n\n\n\n<p>\u0130zmir merkezli haftal\u0131k ekonomi gazetesi G\u00f6zlem\u2019de mermer ve do\u011fal ta\u015f sekt\u00f6r\u00fcne y\u00f6nelik dergilerin edit\u00f6rl\u00fc\u011f\u00fcn\u00fc \u00fcstlenmi\u015ftim. Bu g\u00f6revim s\u0131ras\u0131nda sekt\u00f6r\u00fc ve sekt\u00f6rde etkinlik g\u00f6steren kurulu\u015flar\u0131 yak\u0131ndan tan\u0131m\u0131\u015ft\u0131m.<\/p>\n\n\n\n<p>Ege Maden \u0130hracat\u00e7\u0131lar\u0131 Birli\u011fi\u2019nin davetlisi olarak 2006 y\u0131l\u0131nda \u0130talya\u2019daki Marmomacc Fuar\u0131\u2019na ziyaret\u00e7i olarak kat\u0131lm\u0131\u015ft\u0131m. Bu fuar sekt\u00f6r\u00fcn uluslararas\u0131 boyutunu g\u00f6rme ve dev akt\u00f6rlerini tan\u0131ma olana\u011f\u0131 bulmu\u015ftum.<\/p>\n\n\n\n<p>\u00dclkemiz mermer ve do\u011fal ta\u015f a\u00e7\u0131s\u0131ndan \u00e7ok zengindi. D\u00fcnya do\u011fal ta\u015f ve mermer rezervinin y\u00fczde 40\u2019\u0131 T\u00fcrkiye\u2019de bulunuyordu. \u00dclkemizdeki ocaklar\u0131ndan \u00e7\u0131kar\u0131lan mermerler bloklar halinde ihra\u00e7 ediliyor, yurt d\u0131\u015f\u0131nda y\u00fcksek teknoloji ve i\u015f\u00e7ilikle i\u015fleniyor, y\u00fcksek katma de\u011ferli \u00fcr\u00fcn olarak ithal ediliyordu.<\/p>\n\n\n\n<p>Marmomacc Fuar\u0131 d\u00f6n\u00fc\u015f\u00fcnde, \u201cBu durum kar\u015f\u0131s\u0131nda ne yap\u0131labilir? Blok sat\u0131\u015f yerine zengin rezerv de\u011ferlendirilerek y\u00fcksek katma de\u011ferli \u00fcr\u00fcn nas\u0131l \u00fcretilebilir? Bu u\u011furda ben ne yapabilirim?\u201d sorular\u0131 zihnimde d\u00f6n\u00fcp duruyordu.<\/p>\n\n\n\n<p><strong>Projenin \u00e7\u0131k\u0131\u015f noktas\u0131<\/strong><\/p>\n\n\n\n<p>Ebru sanat\u0131 d\u00fcnyan\u0131n bir\u00e7ok yerinde \u201cT\u00fcrk mermer ka\u011f\u0131d\u0131\u201d, \u0130ngilizce s\u00f6yleyi\u015fle \u201cTurkish marbled paper\u201d olarak biliniyordu. Bu s\u00f6zc\u00fck benze\u015fmesi, bende ebru sanat\u0131 ile mermerin bulu\u015fabilece\u011fi d\u00fc\u015f\u00fcncesinin belirmesine yol a\u00e7t\u0131.<\/p>\n\n\n\n<p>Ebru sanat\u0131nda suda \u00e7\u00f6z\u00fcnmemeyen, asit ve kazein i\u00e7ermemeyen ve g\u00fcne\u015fe kar\u015f\u0131 dayan\u0131kl\u0131 toprak boyalar kullan\u0131l\u0131yor. Ebru sanat\u0131, kitre veya benzeri maddelerle yo\u011funlu\u011fu artt\u0131r\u0131lm\u0131\u015f su \u00fczerine \u00f6zel f\u0131r\u00e7alar yard\u0131m\u0131yla boyalar\u0131n serpilip orada meydana gelen desenlerin ka\u011f\u0131da al\u0131nmas\u0131yla olu\u015fuyor.<\/p>\n\n\n\n<p>Mermer ve do\u011fal ta\u015f kalsiyum karbonattan olu\u015fuyor. Dikkatle bak\u0131l\u0131rsa mermerin \u00fczerindeki damarl\u0131 \u015fekillerin ebru sanat\u0131ndaki, \u00f6zellikle battal ebrudaki \u015fekillerle \u00e7ok benzedi\u011fi g\u00f6r\u00fclebiliyor. B\u00fct\u00fcn bu benzerlikler ve toprak boyalarla mermer ve do\u011fal ta\u015f\u0131n do\u011fadan elde ediliyor olmas\u0131 \u201cEstetik Ebru\u201d projesinin \u00e7\u0131k\u0131\u015f noktas\u0131n\u0131 olu\u015fturdu.<\/p>\n\n\n\n<p><strong>Yo\u011fun \u00e7al\u0131\u015fmalar sonu\u00e7 verdi<\/strong><\/p>\n\n\n\n<p>Ofis ortam\u0131nda olu\u015fturdu\u011fumuz ebru at\u00f6lyesinde \u00e7al\u0131\u015fmalara ba\u015flad\u0131k. Ba\u015fta \u201cOlmaz\u201d diyen ebru sanat\u00e7\u0131lar\u0131yla birlikte mermer par\u00e7alar\u0131 \u00fczerine say\u0131s\u0131z denemeler yapt\u0131k.<\/p>\n\n\n\n<p>Uzun u\u011fra\u015flar ve denemeler sonucu perdahlanmam\u0131\u015f, parlat\u0131lmam\u0131\u015f mermer y\u00fczeyinin ebruyu kabul etti\u011fini g\u00f6rd\u00fck. Daha sonra yapt\u0131\u011f\u0131m\u0131z denemelerde ebrunun do\u011fal ta\u015flar \u00fczerine daha kolay ge\u00e7ti\u011fini belirledik.<\/p>\n\n\n\n<p><strong>G\u00fczel sanat eseri olarak kay\u0131t ve tescil edildi<\/strong><\/p>\n\n\n\n<p>Haz\u0131rlad\u0131\u011f\u0131m\u0131z \u00f6rneklerle birlikte K\u00fclt\u00fcr ve Turizm Bakanl\u0131\u011f\u0131 Geleneksel El Sanatlar\u0131 M\u00fcd\u00fcrl\u00fc\u011f\u00fc\u2019n\u00fcn yolunu tuttuk. Ebru sanat\u0131n\u0131n mermer plakalar \u00fczerindeki ilk \u00f6rnekleri, bu sanat\u0131 \u00e7ok iyi bilen ve sanat\u00e7\u0131lar\u0131 destekleriyle bilinen y\u00f6neticilerce ilgiyle kar\u015f\u0131land\u0131.<\/p>\n\n\n\n<p>Geleneksel El Sanatlar\u0131 M\u00fcd\u00fcrl\u00fc\u011f\u00fc y\u00f6neticilerinin \u00f6nerisi ve yol g\u00f6stericili\u011fi \u00fczerine K\u00fclt\u00fcr ve Turizm Bakanl\u0131\u011f\u0131 Telif Haklar\u0131 ve Sinema Genel M\u00fcd\u00fcrl\u00fc\u011f\u00fc\u2019ne ba\u015fvurduk. Ebru sanat\u0131 uygulanm\u0131\u015f mermer ve do\u011fal ta\u015f plakalar &#8220;g\u00fczel sanat eseri&#8221; olarak kay\u0131t ve tescil edildi. <a href=\"http:\/\/estetikebru.com.tr\/wp-content\/uploads\/2022\/06\/SE_KAYIT_TESCIL.jpg\">Kay\u0131t ve tescil i\u015flemi iste\u011fim \u00fczerine 2022 y\u0131l\u0131nda yenilendi.<\/a><\/p>\n\n\n<div class=\"wp-block-image\">\n<figure class=\"alignleft size-medium\"><a href=\"https:\/\/estetikebru.com.tr\/wp-content\/uploads\/2023\/12\/2012-03-22-kitap-sempozyumu.jpg\" target=\"_blank\" rel=\"noreferrer noopener\"><img loading=\"lazy\" decoding=\"async\" width=\"300\" height=\"217\" src=\"https:\/\/estetikebru.com.tr\/wp-content\/uploads\/2023\/12\/2012-03-22-kitap-sempozyumu-300x217.jpg\" alt=\"\" class=\"wp-image-1270\" srcset=\"https:\/\/estetikebru.com.tr\/wp-content\/uploads\/2023\/12\/2012-03-22-kitap-sempozyumu-300x217.jpg 300w, https:\/\/estetikebru.com.tr\/wp-content\/uploads\/2023\/12\/2012-03-22-kitap-sempozyumu-768x555.jpg 768w, https:\/\/estetikebru.com.tr\/wp-content\/uploads\/2023\/12\/2012-03-22-kitap-sempozyumu.jpg 900w\" sizes=\"auto, (max-width: 300px) 100vw, 300px\" \/><\/a><\/figure><\/div>\n\n\n<p><strong>Ka\u011f\u0131t ve kitap sanat\u0131 olarak biliniyor<\/strong><\/p>\n\n\n\n<p>Ebru sanat\u0131, kitre veya benzeri maddelerle yo\u011funlu\u011fu artt\u0131r\u0131lm\u0131\u015f su \u00fczerine \u00f6zel f\u0131r\u00e7alar yard\u0131m\u0131yla boyalar\u0131n serpilip orada meydana gelen desenlerin ka\u011f\u0131da al\u0131nmas\u0131yla olu\u015fan bir sanat. Toprak boyalar do\u011fal maddelerden elde edildi\u011fi i\u00e7in do\u011fadaki bir\u00e7ok malzemeye uygulanabiliyor. Bunlar\u0131n ba\u015f\u0131nda deri, cam, ta\u015f ve ah\u015fap geliyor.<\/p>\n\n\n\n<p>\u201cKa\u011f\u0131t ve kitap sanat\u0131\u201d olarak bilinen ebru sanat\u0131 ilk kez \u201cEstetik Ebru\u201d ad\u0131n\u0131 verdi\u011fim proje kapsam\u0131nda mermer ve do\u011fal ta\u015fa uygulanm\u0131\u015f oldu.<\/p>\n\n\n\n<p><strong>Sempozyumda bildiri konusu oldu<\/strong><\/p>\n\n\n\n<p>\u201cEstetik Ebru\u201d projesi, 2012 y\u0131l\u0131nda Akdeniz \u00dcniversitesi\u2019nce d\u00fczenlenen I. Uluslararas\u0131 Kitap Sanatlar\u0131 Sempozyumu ve Ebru Sanat\u0131 \u00c7al\u0131\u015ftay\u0131\u2019nda ele al\u0131nd\u0131.<\/p>\n\n\n\n<p>Projemiz, Akdeniz \u00dcniversitesi, G\u00fczel Sanatlar Enstit\u00fcs\u00fc, Sanat ve Tasar\u0131m Anasanat Dal\u0131 ara\u015ft\u0131rma g\u00f6revlileri Ahsen Uysal ve Menek\u015fe Suzan Teker taraf\u0131ndan bildiri olarak sunuldu ve<a href=\"http:\/\/estetikebru.com.tr\/wp-content\/uploads\/2023\/12\/2012-03-22-akdeniz-makale.pdf\"> Akdeniz Sanat Dergisi\u2019nde (2012, Cilt 5, Say\u0131 10) <\/a>yay\u0131mland\u0131.<\/p>\n","protected":false},"excerpt":{"rendered":"<p>Saadet Erciyas \u0130zmir merkezli haftal\u0131k ekonomi gazetesi G\u00f6zlem\u2019de mermer ve do\u011fal ta\u015f sekt\u00f6r\u00fcne y\u00f6nelik dergilerin edit\u00f6rl\u00fc\u011f\u00fcn\u00fc \u00fcstlenmi\u015ftim. Bu g\u00f6revim s\u0131ras\u0131nda sekt\u00f6r\u00fc ve sekt\u00f6rde etkinlik g\u00f6steren kurulu\u015flar\u0131 yak\u0131ndan tan\u0131m\u0131\u015ft\u0131m. Ege Maden \u0130hracat\u00e7\u0131lar\u0131 Birli\u011fi\u2019nin davetlisi olarak 2006 y\u0131l\u0131nda \u0130talya\u2019daki Marmomacc Fuar\u0131\u2019na ziyaret\u00e7i olarak kat\u0131lm\u0131\u015ft\u0131m. Bu fuar sekt\u00f6r\u00fcn uluslararas\u0131 boyutunu g\u00f6rme ve dev akt\u00f6rlerini tan\u0131ma olana\u011f\u0131 bulmu\u015ftum. \u00dclkemiz [&hellip;]<\/p>\n","protected":false},"author":1,"featured_media":0,"parent":0,"menu_order":0,"comment_status":"closed","ping_status":"closed","template":"","meta":{"ngg_post_thumbnail":0,"footnotes":""},"class_list":["post-302","page","type-page","status-publish","hentry"],"_links":{"self":[{"href":"https:\/\/estetikebru.com.tr\/index.php\/wp-json\/wp\/v2\/pages\/302","targetHints":{"allow":["GET"]}}],"collection":[{"href":"https:\/\/estetikebru.com.tr\/index.php\/wp-json\/wp\/v2\/pages"}],"about":[{"href":"https:\/\/estetikebru.com.tr\/index.php\/wp-json\/wp\/v2\/types\/page"}],"author":[{"embeddable":true,"href":"https:\/\/estetikebru.com.tr\/index.php\/wp-json\/wp\/v2\/users\/1"}],"replies":[{"embeddable":true,"href":"https:\/\/estetikebru.com.tr\/index.php\/wp-json\/wp\/v2\/comments?post=302"}],"version-history":[{"count":3,"href":"https:\/\/estetikebru.com.tr\/index.php\/wp-json\/wp\/v2\/pages\/302\/revisions"}],"predecessor-version":[{"id":1274,"href":"https:\/\/estetikebru.com.tr\/index.php\/wp-json\/wp\/v2\/pages\/302\/revisions\/1274"}],"wp:attachment":[{"href":"https:\/\/estetikebru.com.tr\/index.php\/wp-json\/wp\/v2\/media?parent=302"}],"curies":[{"name":"wp","href":"https:\/\/api.w.org\/{rel}","templated":true}]}}