{"id":598,"date":"2015-07-23T11:10:51","date_gmt":"2015-07-23T11:10:51","guid":{"rendered":"http:\/\/demo.themegrill.com\/colornews\/?page_id=109"},"modified":"2023-09-18T15:39:48","modified_gmt":"2023-09-18T12:39:48","slug":"iletisim","status":"publish","type":"page","link":"https:\/\/estetikebru.com.tr\/index.php\/iletisim\/","title":{"rendered":"\u0130leti\u015fim"},"content":{"rendered":"<p>This contact form is created using <a href=\"https:\/\/wordpress.org\/plugins\/everest-forms\/\" target=\"_blank\" rel=\"noopener nofollow noreferrer\">Everest Forms<\/a>.<\/p>\n\n<div class=\"everest-forms\"><div class=\"evf-container default\" id=\"evf-796\"><form id=\"evf-form-796\" class=\"everest-form\" data-formid=\"796\" data-ajax_submission=\"0\" data-keyboard_friendly_form=\"0\" method=\"post\" enctype=\"multipart\/form-data\" action=\"\/index.php\/wp-json\/wp\/v2\/pages\/598\"><div class=\"evf-field-container\"><input type=\"hidden\" id=\"_wpnonce796\" name=\"_wpnonce796\" value=\"a2e8a5580d\" \/><input type=\"hidden\" name=\"_wp_http_referer\" value=\"\/index.php\/wp-json\/wp\/v2\/pages\/598\" \/><div class=\"evf-frontend-row\" data-row=\"row_1\" conditional_rules=\"[]\"><div class=\"evf-frontend-grid evf-grid-1\" data-grid=\"grid_1\"><div id=\"evf-796-field_fullname-container\" class=\"evf-field evf-field-text form-row validate-required\" data-required-field-message=\"This field is required.\" data-field-id=\"fullname\"><label class=\"evf-field-label\" for=\"evf-796-field_fullname\"><span class=\"evf-label\">Ad\u0131n\u0131z Soyad\u0131n\u0131z<\/span> <abbr class=\"required\" title=\"Required\">*<\/abbr><\/label><input type=\"text\" id=\"evf-796-field_fullname\" class=\"input-text\" name=\"everest_forms[form_fields][fullname]\" required><\/div><div id=\"evf-796-field_email-container\" class=\"evf-field evf-field-email form-row validate-required validate-email\" data-required-field-message=\"Please enter a valid email address.\" data-field-id=\"email\"><label class=\"evf-field-label\" for=\"evf-796-field_email\"><span class=\"evf-label\">E-Posta Adresiniz<\/span> <abbr class=\"required\" title=\"Required\">*<\/abbr><\/label><input type=\"email\" id=\"evf-796-field_email\" class=\"input-text\" name=\"everest_forms[form_fields][email]\" required ><\/div><div id=\"evf-796-field_n8OpEj9Rtk-1-container\" class=\"evf-field evf-field-number form-row\" data-field-id=\"n8OpEj9Rtk-1\"><label class=\"evf-field-label\" for=\"evf-796-field_n8OpEj9Rtk-1\"><span class=\"evf-label\">Telefon numaran\u0131z<\/span> <\/label><input type=\"number\" id=\"evf-796-field_n8OpEj9Rtk-1\" class=\"input-text\" name=\"everest_forms[form_fields][n8OpEj9Rtk-1]\" \/><\/div><div id=\"evf-796-field_subject-container\" class=\"evf-field evf-field-text form-row validate-required\" data-required-field-message=\"This field is required.\" data-field-id=\"subject\"><label class=\"evf-field-label\" for=\"evf-796-field_subject\"><span class=\"evf-label\">Konu<\/span> <abbr class=\"required\" title=\"Required\">*<\/abbr><\/label><input type=\"text\" id=\"evf-796-field_subject\" class=\"input-text\" name=\"everest_forms[form_fields][subject]\" required><\/div><div id=\"evf-796-field_message-container\" class=\"evf-field evf-field-textarea form-row\" data-field-id=\"message\"><label class=\"evf-field-label\" for=\"evf-796-field_message\"><span class=\"evf-label\">\u0130letiniz<\/span> <\/label><textarea id=\"evf-796-field_message\" class=\"input-text\" name=\"everest_forms[form_fields][message]\"  ><\/textarea><\/div><\/div><\/div><\/div><div class=\"evf-honeypot-container evf-field-hp\"><label for=\"evf-796-field-hp\" class=\"evf-field-label\">Website<\/label><input type=\"text\" name=\"everest_forms[hp]\" id=\"evf-796-field-hp\" class=\"input-text\"><\/div><div class=\"evf-submit-container \" ><input type=\"hidden\" name=\"everest_forms[id]\" value=\"796\"><input type=\"hidden\" name=\"everest_forms[author]\" value=\"1\"><button type='submit' name='everest_forms[submit]' class='everest-forms-submit-button button evf-submit ' id='evf-submit-796' value='evf-submit' data-process-text=\"Processing\u2026\" conditional_rules='&quot;&quot;' conditional_id='evf-submit-796'  id=\"evf-submit-796\" aria-live=\"assertive\">Submit<\/button><\/div><\/form><\/div><!-- .evf-container --><\/div>\n","protected":false},"excerpt":{"rendered":"<p>This contact form is created using Everest Forms.<\/p>\n","protected":false},"author":1,"featured_media":0,"parent":0,"menu_order":0,"comment_status":"closed","ping_status":"closed","template":"page-templates\/contact.php","meta":{"ngg_post_thumbnail":0,"footnotes":""},"class_list":["post-598","page","type-page","status-publish","hentry"],"_links":{"self":[{"href":"https:\/\/estetikebru.com.tr\/index.php\/wp-json\/wp\/v2\/pages\/598","targetHints":{"allow":["GET"]}}],"collection":[{"href":"https:\/\/estetikebru.com.tr\/index.php\/wp-json\/wp\/v2\/pages"}],"about":[{"href":"https:\/\/estetikebru.com.tr\/index.php\/wp-json\/wp\/v2\/types\/page"}],"author":[{"embeddable":true,"href":"https:\/\/estetikebru.com.tr\/index.php\/wp-json\/wp\/v2\/users\/1"}],"replies":[{"embeddable":true,"href":"https:\/\/estetikebru.com.tr\/index.php\/wp-json\/wp\/v2\/comments?post=598"}],"version-history":[{"count":3,"href":"https:\/\/estetikebru.com.tr\/index.php\/wp-json\/wp\/v2\/pages\/598\/revisions"}],"predecessor-version":[{"id":797,"href":"https:\/\/estetikebru.com.tr\/index.php\/wp-json\/wp\/v2\/pages\/598\/revisions\/797"}],"wp:attachment":[{"href":"https:\/\/estetikebru.com.tr\/index.php\/wp-json\/wp\/v2\/media?parent=598"}],"curies":[{"name":"wp","href":"https:\/\/api.w.org\/{rel}","templated":true}]}}